{"id":4045,"date":"2026-01-05T02:24:14","date_gmt":"2026-01-05T02:24:14","guid":{"rendered":"https:\/\/soprof.com.mx\/wp26\/?page_id=4045"},"modified":"2026-01-05T02:24:14","modified_gmt":"2026-01-05T02:24:14","slug":"nosotros","status":"publish","type":"page","link":"https:\/\/soprof.com.mx\/wp26\/index.php\/nosotros\/","title":{"rendered":"Quienes Somos"},"content":{"rendered":"<p>[vc_row full_width=&#8221;stretch_row&#8221; content_placement=&#8221;middle&#8221; el_id=&#8221;service&#8221; css=&#8221;.vc_custom_1767579802587{padding-top: 65px !important;padding-bottom: 70px !important;background-image: url(https:\/\/soprof.com.mx\/wp26\/wp-content\/uploads\/2019\/12\/service_bg.jpg?id=3862) !important;background-position: center !important;background-repeat: no-repeat !important;background-size: cover !important;}&#8221; el_class=&#8221;md-col-fullwidth&#8221;][vc_column width=&#8221;1\/3&#8243;][vc_row_inner css=&#8221;.vc_custom_1544255614656{padding-right: 20px !important;}&#8221;][vc_column_inner][\/vc_column_inner][\/vc_row_inner][\/vc_column][vc_column width=&#8221;2\/3&#8243;]\r\n        <div class=\"rs-heading    \">\r\n        \t<div class=\"title-inner\">\r\n\t            \r\n\t            \r\n\t            \r\n\t        <\/div><div class=\"description\"><p >Somos una empresa joven y din\u00e1mica que entiende la problem\u00e1tica de los empresarios, y que ofrece soluciones pr\u00e1cticas y adecuadas a cada organizaci\u00f3n.<\/p>\n<p>Con la experiencia de mas de 15 a\u00f1os en el servicio profesional, somos una organizaci\u00f3n, consolidada y responsable, que se compromete a impulsar el crecimiento de sus clientes poniendo en pr\u00e1ctica todos nuestros conocimientos y habilidades.<\/p>\n<p>Porque ponemos en pr\u00e1ctica nuestros principales valores: la \u00e9tica, la confidencialidad, la honestidad y confiabilidad, nuestros servicios involucran un trato personal, basado sobre todo en la confianza.<\/p><\/div><\/div>[vc_row_inner el_class=&#8221;main-home2-service&#8221;][vc_column_inner][vc_column_text]<b class=\"\"><span class=\"\" lang=\"ES-MX\">ALIANZAS ESTRAT\u00c9GICAS<\/span><\/b><\/p>\n<div class=\"\"><span class=\"\" lang=\"ES-MX\">Conscientes del dinamismo de los negocios y la diversidad de situaciones a las que nos podemos enfrentar e incluso en las que nuestros mismos clientes se pueden ver involucrados, a lo largo de nuestra experiencia profesional, hemos concretado alianzas con otros profesionales en materia fiscal, legal, comercio exterior, precios de transferencia, auditoria, entre otras. Pues dentro de nuestra filosof\u00eda aplicamos la m\u00e1xima de: \u201cLa uni\u00f3n hace la fuerza\u201d. <\/span><\/div>\n<div class=\"\"><span class=\"\" lang=\"ES-MX\">\u00a0<\/span><\/div>\n<p>[\/vc_column_text][\/vc_column_inner][\/vc_row_inner][\/vc_column][\/vc_row][vc_row][vc_column][vc_column_text]<strong>NUESTRA MISI\u00d3N<\/strong><\/p>\n<p>Proveer soluciones integrales de negocios a nuestros clientes con el fin de mejorar las operaciones diarias de sus empresas, garantizando el cumplimiento de sus obligaciones fiscales, contables y administrativas en forma oportuna, proporcionando servicios de consultor\u00eda y asesor\u00eda fiscal y financiera personalizada.<\/p>\n<p>&nbsp;<\/p>\n<p><strong>NUESTRA VISI\u00d3N<\/strong><\/p>\n<p>&nbsp;<\/p>\n<p>Consolidarnos como una agrupaci\u00f3n de reconocido prestigio en base al cumplimiento oportuno de nuestros compromisos y en la aplicaci\u00f3n de herramientas de negocios.<\/p>\n<p><strong>\u00a0<\/strong><\/p>\n<p><strong>nuestros valores<\/strong><\/p>\n<ul>\n<li><strong><em>\u00e9tica<\/em><\/strong><\/li>\n<li><strong><em>confidencialidad<\/em><\/strong><\/li>\n<li><strong><em>honestidad<\/em><\/strong><\/li>\n<li><strong><em>confiabilidad<\/em><\/strong><\/li>\n<li><strong><em>integridad<\/em><\/strong><\/li>\n<li><strong><em>eficiencia<\/em><\/strong><\/li>\n<li><strong><em>eficacia<\/em><\/strong><\/li>\n<li><strong><em>respeto<\/em><\/strong><\/li>\n<\/ul>\n<p>[\/vc_column_text][\/vc_column][\/vc_row]<\/p>\n","protected":false},"excerpt":{"rendered":"<p>[vc_row full_width=&#8221;stretch_row&#8221; content_placement=&#8221;middle&#8221; el_id=&#8221;service&#8221; css=&#8221;.vc_custom_1767579802587{padding-top: 65px !important;padding-bottom: 70px !important;background-image: url(https:\/\/soprof.com.mx\/wp26\/wp-content\/uploads\/2019\/12\/service_bg.jpg?id=3862) !important;background-position: center !important;background-repeat: no-repeat !important;background-size: cover !important;}&#8221; el_class=&#8221;md-col-fullwidth&#8221;][vc_column width=&#8221;1\/3&#8243;][vc_row_inner css=&#8221;.vc_custom_1544255614656{padding-right: 20px !important;}&#8221;][vc_column_inner][\/vc_column_inner][\/vc_row_inner][\/vc_column][vc_column&#8230;<\/p>\n","protected":false},"author":1,"featured_media":0,"parent":0,"menu_order":0,"comment_status":"closed","ping_status":"closed","template":"","meta":{"footnotes":""},"class_list":["post-4045","page","type-page","status-publish","hentry"],"_links":{"self":[{"href":"https:\/\/soprof.com.mx\/wp26\/index.php\/wp-json\/wp\/v2\/pages\/4045","targetHints":{"allow":["GET"]}}],"collection":[{"href":"https:\/\/soprof.com.mx\/wp26\/index.php\/wp-json\/wp\/v2\/pages"}],"about":[{"href":"https:\/\/soprof.com.mx\/wp26\/index.php\/wp-json\/wp\/v2\/types\/page"}],"author":[{"embeddable":true,"href":"https:\/\/soprof.com.mx\/wp26\/index.php\/wp-json\/wp\/v2\/users\/1"}],"replies":[{"embeddable":true,"href":"https:\/\/soprof.com.mx\/wp26\/index.php\/wp-json\/wp\/v2\/comments?post=4045"}],"version-history":[{"count":1,"href":"https:\/\/soprof.com.mx\/wp26\/index.php\/wp-json\/wp\/v2\/pages\/4045\/revisions"}],"predecessor-version":[{"id":4046,"href":"https:\/\/soprof.com.mx\/wp26\/index.php\/wp-json\/wp\/v2\/pages\/4045\/revisions\/4046"}],"wp:attachment":[{"href":"https:\/\/soprof.com.mx\/wp26\/index.php\/wp-json\/wp\/v2\/media?parent=4045"}],"curies":[{"name":"wp","href":"https:\/\/api.w.org\/{rel}","templated":true}]}}